{"id":2059,"date":"2023-03-18T20:12:50","date_gmt":"2023-03-18T20:12:50","guid":{"rendered":"https:\/\/menorcalines.dev\/menorca-lines\/"},"modified":"2025-09-09T15:16:12","modified_gmt":"2025-09-09T15:16:12","slug":"menorca-lines","status":"publish","type":"page","link":"https:\/\/menorcalines.dev\/ca","title":{"rendered":"Menorca Lines"},"content":{"rendered":"<div id=\"cs-content\" class=\"cs-content\"><\/div>\n","protected":false},"excerpt":{"rendered":"<p>Integraci&oacute;n Menorca Lines Anada i tornada Nom\u00e9s anada Alcudia Ciutadella Ciutadella Alcudia 1 Passatger(s) S\u00e8niors +59 anys Adults 14-59 anys Nens 2-13 anys Nadons 0-1 anys Animals de companyia Bonificaci\u00f3n residente Residente Baleares Fam\u00edlia nombrosa General Especial Cerrar Reserva ara Viatjo amb vehicle Tipus vehicle Turismo Turismo + Remolque Furgoneta Motocicleta (>125cc) Ciclomotor Caravana Autocaravana Marca AIXAM ALFA ROMEO ALPINE &#8230; <\/p>\n<div><a href=\"https:\/\/menorcalines.dev\/ca\" class=\"more-link\">Read More<\/a><\/div>\n","protected":false},"author":1,"featured_media":0,"parent":0,"menu_order":0,"comment_status":"closed","ping_status":"closed","template":"template-blank-4.php","meta":{"rs_blank_template":"","rs_page_bg_color":"","slide_template_v7":"","inline_featured_image":false,"footnotes":""},"class_list":["post-2059","page","type-page","status-publish","hentry","no-post-thumbnail"],"yoast_head":"<!-- This site is optimized with the Yoast SEO plugin v27.4 - https:\/\/yoast.com\/product\/yoast-seo-wordpress\/ -->\n<title>Venta de billetes de ferry entre Mallorca y Menorca - Menorca Lines<\/title>\n<meta name=\"description\" content=\"Compra tu billete de ferry entre Alc\u00fadia y Ciutadella. Mallorca y Menorca unidas a un precio inmejorable. Lleva tu coche al mejor precio y servicio de Baleares.\" \/>\n<meta name=\"robots\" content=\"noindex, follow, max-snippet:-1, max-image-preview:large, max-video-preview:-1\" \/>\n<meta property=\"og:locale\" content=\"ca_ES\" \/>\n<meta property=\"og:type\" content=\"article\" \/>\n<meta property=\"og:title\" content=\"Menorca Lines\" \/>\n<meta property=\"og:description\" content=\"Viaja entre Mallorca y Menorca.\" \/>\n<meta property=\"og:url\" content=\"https:\/\/menorcalines.dev\/ca\" \/>\n<meta property=\"og:site_name\" content=\"Menorca Lines\" \/>\n<meta property=\"article:modified_time\" content=\"2025-09-09T15:16:12+00:00\" \/>\n<meta name=\"twitter:card\" content=\"summary_large_image\" \/>\n<meta name=\"twitter:title\" content=\"Day Pass\" \/>\n<meta name=\"twitter:description\" content=\"Pase de un d\u00eda para viajar entre Mallorca y Menorca, ida y vuelta el mismo d\u00eda, buque de alta velocidad, el coche te sale GRATIS\" \/>\n<meta name=\"twitter:label1\" content=\"Temps estimat de lectura\" \/>\n\t<meta name=\"twitter:data1\" content=\"4 minuts\" \/>\n<script type=\"application\/ld+json\" class=\"yoast-schema-graph\">{\"@context\":\"https:\\\/\\\/schema.org\",\"@graph\":[{\"@type\":\"WebPage\",\"@id\":\"https:\\\/\\\/menorcalines.dev\\\/ca\",\"url\":\"https:\\\/\\\/menorcalines.dev\\\/ca\",\"name\":\"Venta de billetes de ferry entre Mallorca y Menorca - Menorca Lines\",\"isPartOf\":{\"@id\":\"https:\\\/\\\/menorcalines.dev\\\/ca#website\"},\"datePublished\":\"2023-03-18T20:12:50+00:00\",\"dateModified\":\"2025-09-09T15:16:12+00:00\",\"description\":\"Compra tu billete de ferry entre Alc\u00fadia y Ciutadella. Mallorca y Menorca unidas a un precio inmejorable. Lleva tu coche al mejor precio y servicio de Baleares.\",\"breadcrumb\":{\"@id\":\"https:\\\/\\\/menorcalines.dev\\\/ca#breadcrumb\"},\"inLanguage\":\"ca\",\"potentialAction\":[{\"@type\":\"ReadAction\",\"target\":[\"https:\\\/\\\/menorcalines.dev\\\/ca\"]}]},{\"@type\":\"BreadcrumbList\",\"@id\":\"https:\\\/\\\/menorcalines.dev\\\/ca#breadcrumb\",\"itemListElement\":[{\"@type\":\"ListItem\",\"position\":1,\"name\":\"Portada\",\"item\":\"https:\\\/\\\/menorcalines.dev\\\/ca\"},{\"@type\":\"ListItem\",\"position\":2,\"name\":\"Menorca Lines\"}]},{\"@type\":\"WebSite\",\"@id\":\"https:\\\/\\\/menorcalines.dev\\\/ca#website\",\"url\":\"https:\\\/\\\/menorcalines.dev\\\/ca\",\"name\":\"Menorca Lines\",\"description\":\"Mallorca y Menorca unidas al mejor precio. Compra tu billete de ferry entre Alc\u00fadia y Ciutadella. Lleva tu coche al mejor precio y servicio de Baleares.\",\"potentialAction\":[{\"@type\":\"SearchAction\",\"target\":{\"@type\":\"EntryPoint\",\"urlTemplate\":\"https:\\\/\\\/menorcalines.dev\\\/ca?s={search_term_string}\"},\"query-input\":{\"@type\":\"PropertyValueSpecification\",\"valueRequired\":true,\"valueName\":\"search_term_string\"}}],\"inLanguage\":\"ca\"}]}<\/script>\n<!-- \/ Yoast SEO plugin. -->","yoast_head_json":{"title":"Venta de billetes de ferry entre Mallorca y Menorca - Menorca Lines","description":"Compra tu billete de ferry entre Alc\u00fadia y Ciutadella. Mallorca y Menorca unidas a un precio inmejorable. Lleva tu coche al mejor precio y servicio de Baleares.","robots":{"index":"noindex","follow":"follow","max-snippet":"max-snippet:-1","max-image-preview":"max-image-preview:large","max-video-preview":"max-video-preview:-1"},"og_locale":"ca_ES","og_type":"article","og_title":"Menorca Lines","og_description":"Viaja entre Mallorca y Menorca.","og_url":"https:\/\/menorcalines.dev\/ca","og_site_name":"Menorca Lines","article_modified_time":"2025-09-09T15:16:12+00:00","twitter_card":"summary_large_image","twitter_title":"Day Pass","twitter_description":"Pase de un d\u00eda para viajar entre Mallorca y Menorca, ida y vuelta el mismo d\u00eda, buque de alta velocidad, el coche te sale GRATIS","twitter_misc":{"Temps estimat de lectura":"4 minuts"},"schema":{"@context":"https:\/\/schema.org","@graph":[{"@type":"WebPage","@id":"https:\/\/menorcalines.dev\/ca","url":"https:\/\/menorcalines.dev\/ca","name":"Venta de billetes de ferry entre Mallorca y Menorca - Menorca Lines","isPartOf":{"@id":"https:\/\/menorcalines.dev\/ca#website"},"datePublished":"2023-03-18T20:12:50+00:00","dateModified":"2025-09-09T15:16:12+00:00","description":"Compra tu billete de ferry entre Alc\u00fadia y Ciutadella. Mallorca y Menorca unidas a un precio inmejorable. Lleva tu coche al mejor precio y servicio de Baleares.","breadcrumb":{"@id":"https:\/\/menorcalines.dev\/ca#breadcrumb"},"inLanguage":"ca","potentialAction":[{"@type":"ReadAction","target":["https:\/\/menorcalines.dev\/ca"]}]},{"@type":"BreadcrumbList","@id":"https:\/\/menorcalines.dev\/ca#breadcrumb","itemListElement":[{"@type":"ListItem","position":1,"name":"Portada","item":"https:\/\/menorcalines.dev\/ca"},{"@type":"ListItem","position":2,"name":"Menorca Lines"}]},{"@type":"WebSite","@id":"https:\/\/menorcalines.dev\/ca#website","url":"https:\/\/menorcalines.dev\/ca","name":"Menorca Lines","description":"Mallorca y Menorca unidas al mejor precio. Compra tu billete de ferry entre Alc\u00fadia y Ciutadella. Lleva tu coche al mejor precio y servicio de Baleares.","potentialAction":[{"@type":"SearchAction","target":{"@type":"EntryPoint","urlTemplate":"https:\/\/menorcalines.dev\/ca?s={search_term_string}"},"query-input":{"@type":"PropertyValueSpecification","valueRequired":true,"valueName":"search_term_string"}}],"inLanguage":"ca"}]}},"_links":{"self":[{"href":"https:\/\/menorcalines.dev\/ca\/wp-json\/wp\/v2\/pages\/2059","targetHints":{"allow":["GET"]}}],"collection":[{"href":"https:\/\/menorcalines.dev\/ca\/wp-json\/wp\/v2\/pages"}],"about":[{"href":"https:\/\/menorcalines.dev\/ca\/wp-json\/wp\/v2\/types\/page"}],"author":[{"embeddable":true,"href":"https:\/\/menorcalines.dev\/ca\/wp-json\/wp\/v2\/users\/1"}],"replies":[{"embeddable":true,"href":"https:\/\/menorcalines.dev\/ca\/wp-json\/wp\/v2\/comments?post=2059"}],"version-history":[{"count":3,"href":"https:\/\/menorcalines.dev\/ca\/wp-json\/wp\/v2\/pages\/2059\/revisions"}],"predecessor-version":[{"id":2063,"href":"https:\/\/menorcalines.dev\/ca\/wp-json\/wp\/v2\/pages\/2059\/revisions\/2063"}],"wp:attachment":[{"href":"https:\/\/menorcalines.dev\/ca\/wp-json\/wp\/v2\/media?parent=2059"}],"curies":[{"name":"wp","href":"https:\/\/api.w.org\/{rel}","templated":true}]}}